{"id":643,"date":"2022-10-11T16:11:30","date_gmt":"2022-10-11T16:11:30","guid":{"rendered":"http:\/\/call2sale.eu\/polityka-prywatnosci\/"},"modified":"2022-10-20T13:19:42","modified_gmt":"2022-10-20T13:19:42","slug":"privacy-policy","status":"publish","type":"page","link":"https:\/\/call2sale.eu\/en\/privacy-policy\/","title":{"rendered":"Privacy policy"},"content":{"rendered":"<p><strong>PRIVACY AND COOKIES POLICY<\/strong><\/p>\n<p>This Privacy and Cookies Policy governs the collection and processing of data during the use of the call2sale.eu website (hereinafter referred to as the &#8220;<strong>Website<\/strong>&#8220;).<\/p>\n<p><strong>I. DEFINITIONS<\/strong><\/p>\n<ol>\n<li><strong>Data Controller<\/strong> \u2013 C2S Sp\u00f3\u0142ka z ograniczon\u0105 odpowiedzialno\u015bci\u0105\u00a0[limited liability company] with its registered office in Warsaw at ul. Nowogrodzka 64 lok. 43, 02-014 Warsaw, recorded in the register of business organisations of the National Court Register under number 0000877380;<\/li>\n<li><strong>Personal Data<\/strong> \u2013 all information about an identified or identifiable natural person through one or more factors specific to the physical, physiological, genetic, mental, economic, cultural or social identity, including the device IP number, location data, internet identifier and information collected through cookies and other similar technology;<\/li>\n<li><strong>Policy <\/strong>\u2013 this Privacy and Cookies Policy;<\/li>\n<li><strong>GDPR<\/strong> \u2013 the Regulation (EU) 2016\/679 of the European Parliament and of the Council of 27 April 2016 on the protection of natural persons with regard to the processing of personal data and on the free movement of such data, and repealing Directive 95\/46\/EC;<\/li>\n<li><strong>User<\/strong> \u2013 a natural person using the Website.<\/li>\n<\/ol>\n<p>II. <strong>PERSONAL DATA COLLECTING AND PROCESSING<\/strong><\/p>\n<p>During the use of the Website, the Data Controller does not collect or process any User data, including Personal Data. The only form of data processing during the use of the Website is through cookies.<\/p>\n<p>III. <strong>COOKIES<\/strong><\/p>\n<ol>\n<li>Cookies are small text files installed on the device of the User browsing the Platform. Cookies collect information that makes it easier to use the Website, for example, by remembering User visits to the Platform and User actions.<\/li>\n<li>The Data Controller uses the so-called service cookies primarily to improve the Website&#8217;s quality for the User. For this reason, the Data Controller and other entities providing analytical and statistical services to the Data Controller use cookies to store information or to access information already stored in the User&#8217;s device (computer, telephone, tablet, etc.). Cookies used for this purpose include:\n<ul>\n<li>cookies with data entered by the User (session ID) for the duration of the session (<em>user input cookies<\/em>);<\/li>\n<li>authentication cookies used for services that require authentication for the duration of the session (<em>authentication cookies<\/em>);<\/li>\n<li>cookies used to ensure safety, for example, used to detect fraud in authentication procedures (<em>user centric security cookies<\/em>);<\/li>\n<li>multimedia player session cookies (e.g. flash cookies), for the duration of the session (\u00a0<em>multimedia player session cookies<\/em>);<\/li>\n<li>cookies used to monitor website traffic.<\/li>\n<\/ul>\n<\/li>\n<li>The Data Controller also uses cookies for marketing purposes. Therefore, the Data Controller stores information or gains access to information already stored in the User&#8217;s telecommunications device (computer, phone, tablet, etc.). The use of cookies and data collected through this technology for marketing purposes, in particular, to promote the services and goods of third parties, requires the User&#8217;s consent. This consent may be expressed through the appropriate configuration of the browser, and can be withdrawn at any time, in particular, by clearing the history of cookies and disabling cookies in the browser settings.<\/li>\n<\/ol>\n<p>IV. <strong>DURATION OF PERSONAL DATA PROCESSING<\/strong><\/p>\n<ol>\n<li>The data shall be processed for the duration of the use of the Website until the withdrawal of the consent given, or until an effective objection is raised against the processing of the data in cases where the legal basis for data processing is the legitimate interest of the Data Controller.<\/li>\n<li>The duration of data processing may be extended if the processing is necessary for the establishment and investigation of possible claims and defence against them, and after this period only in the case and to the extent required by law. After the end of the processing period, the data are irreversibly deleted or anonymised.<\/li>\n<\/ol>\n<p>V. <strong>FINAL PROVISIONS<\/strong><\/p>\n<ol>\n<li>The Data Controller reserves the right to amend this Policy.<\/li>\n<li>Subject to generally applicable law, the law applicable to this Policy shall be the law applicable to the registered office of the Data Controller.<\/li>\n<\/ol>\n","protected":false},"excerpt":{"rendered":"<p>PRIVACY AND COOKIES POLICY This Privacy and Cookies Policy governs the collection and processing of data during the use of the call2sale.eu website (hereinafter referred to as the &#8220;Website&#8220;). I. DEFINITIONS Data Controller \u2013 C2S Sp\u00f3\u0142ka z ograniczon\u0105 odpowiedzialno\u015bci\u0105\u00a0[limited liability company] with its registered office in Warsaw at ul. Nowogrodzka 64 lok. 43, 02-014 Warsaw,<a href=\"https:\/\/call2sale.eu\/en\/privacy-policy\/\">Continue reading <span class=\"sr-only\">&#8220;Privacy policy&#8221;<\/span><\/a><\/p>\n","protected":false},"author":3,"featured_media":0,"parent":0,"menu_order":0,"comment_status":"closed","ping_status":"closed","template":"","meta":{"footnotes":""},"acf":[],"yoast_head":"<!-- This site is optimized with the Yoast SEO plugin v21.5 - https:\/\/yoast.com\/wordpress\/plugins\/seo\/ -->\n<title>Privacy policy - Call2Sale<\/title>\n<meta name=\"description\" content=\"Call center with potential, for those who value work-life balance. International environment, good money and great work. Send your CV.\" \/>\n<meta name=\"robots\" content=\"index, follow, max-snippet:-1, max-image-preview:large, max-video-preview:-1\" \/>\n<link rel=\"canonical\" href=\"https:\/\/call2sale.eu\/en\/privacy-policy\/\" \/>\n<meta property=\"og:locale\" content=\"en_US\" \/>\n<meta property=\"og:type\" content=\"article\" \/>\n<meta property=\"og:title\" content=\"Privacy policy - Call2Sale\" \/>\n<meta property=\"og:description\" content=\"Call center with potential, for those who value work-life balance. International environment, good money and great work. Send your CV.\" \/>\n<meta property=\"og:url\" content=\"https:\/\/call2sale.eu\/en\/privacy-policy\/\" \/>\n<meta property=\"og:site_name\" content=\"Call2Sale\" \/>\n<meta property=\"article:publisher\" content=\"https:\/\/www.facebook.com\/Call2Sale\" \/>\n<meta property=\"article:modified_time\" content=\"2022-10-20T13:19:42+00:00\" \/>\n<meta name=\"twitter:card\" content=\"summary_large_image\" \/>\n<meta name=\"twitter:label1\" content=\"Est. reading time\" \/>\n\t<meta name=\"twitter:data1\" content=\"4 minutes\" \/>\n<script type=\"application\/ld+json\" class=\"yoast-schema-graph\">{\"@context\":\"https:\/\/schema.org\",\"@graph\":[{\"@type\":\"WebPage\",\"@id\":\"https:\/\/call2sale.eu\/en\/privacy-policy\/\",\"url\":\"https:\/\/call2sale.eu\/en\/privacy-policy\/\",\"name\":\"Privacy policy - Call2Sale\",\"isPartOf\":{\"@id\":\"https:\/\/call2sale.eu\/en\/#website\"},\"datePublished\":\"2022-10-11T16:11:30+00:00\",\"dateModified\":\"2022-10-20T13:19:42+00:00\",\"description\":\"Call center with potential, for those who value work-life balance. International environment, good money and great work. Send your CV.\",\"breadcrumb\":{\"@id\":\"https:\/\/call2sale.eu\/en\/privacy-policy\/#breadcrumb\"},\"inLanguage\":\"en-US\",\"potentialAction\":[{\"@type\":\"ReadAction\",\"target\":[\"https:\/\/call2sale.eu\/en\/privacy-policy\/\"]}]},{\"@type\":\"BreadcrumbList\",\"@id\":\"https:\/\/call2sale.eu\/en\/privacy-policy\/#breadcrumb\",\"itemListElement\":[{\"@type\":\"ListItem\",\"position\":1,\"name\":\"Home\",\"item\":\"https:\/\/call2sale.eu\/en\/strona-glowna\/\"},{\"@type\":\"ListItem\",\"position\":2,\"name\":\"Privacy policy\"}]},{\"@type\":\"WebSite\",\"@id\":\"https:\/\/call2sale.eu\/en\/#website\",\"url\":\"https:\/\/call2sale.eu\/en\/\",\"name\":\"Call2Sale\",\"description\":\"\",\"publisher\":{\"@id\":\"https:\/\/call2sale.eu\/en\/#organization\"},\"potentialAction\":[{\"@type\":\"SearchAction\",\"target\":{\"@type\":\"EntryPoint\",\"urlTemplate\":\"https:\/\/call2sale.eu\/en\/?s={search_term_string}\"},\"query-input\":\"required name=search_term_string\"}],\"inLanguage\":\"en-US\"},{\"@type\":\"Organization\",\"@id\":\"https:\/\/call2sale.eu\/en\/#organization\",\"name\":\"Call2Sale\",\"url\":\"https:\/\/call2sale.eu\/en\/\",\"logo\":{\"@type\":\"ImageObject\",\"inLanguage\":\"en-US\",\"@id\":\"https:\/\/call2sale.eu\/en\/#\/schema\/logo\/image\/\",\"url\":\"https:\/\/call2sale.eu\/wp-content\/uploads\/2022\/10\/Logo-Call2Sale-1.jpg\",\"contentUrl\":\"https:\/\/call2sale.eu\/wp-content\/uploads\/2022\/10\/Logo-Call2Sale-1.jpg\",\"width\":1684,\"height\":1191,\"caption\":\"Call2Sale\"},\"image\":{\"@id\":\"https:\/\/call2sale.eu\/en\/#\/schema\/logo\/image\/\"},\"sameAs\":[\"https:\/\/www.facebook.com\/Call2Sale\"]}]}<\/script>\n<!-- \/ Yoast SEO plugin. -->","yoast_head_json":{"title":"Privacy policy - Call2Sale","description":"Call center with potential, for those who value work-life balance. International environment, good money and great work. Send your CV.","robots":{"index":"index","follow":"follow","max-snippet":"max-snippet:-1","max-image-preview":"max-image-preview:large","max-video-preview":"max-video-preview:-1"},"canonical":"https:\/\/call2sale.eu\/en\/privacy-policy\/","og_locale":"en_US","og_type":"article","og_title":"Privacy policy - Call2Sale","og_description":"Call center with potential, for those who value work-life balance. International environment, good money and great work. Send your CV.","og_url":"https:\/\/call2sale.eu\/en\/privacy-policy\/","og_site_name":"Call2Sale","article_publisher":"https:\/\/www.facebook.com\/Call2Sale","article_modified_time":"2022-10-20T13:19:42+00:00","twitter_card":"summary_large_image","twitter_misc":{"Est. reading time":"4 minutes"},"schema":{"@context":"https:\/\/schema.org","@graph":[{"@type":"WebPage","@id":"https:\/\/call2sale.eu\/en\/privacy-policy\/","url":"https:\/\/call2sale.eu\/en\/privacy-policy\/","name":"Privacy policy - Call2Sale","isPartOf":{"@id":"https:\/\/call2sale.eu\/en\/#website"},"datePublished":"2022-10-11T16:11:30+00:00","dateModified":"2022-10-20T13:19:42+00:00","description":"Call center with potential, for those who value work-life balance. International environment, good money and great work. Send your CV.","breadcrumb":{"@id":"https:\/\/call2sale.eu\/en\/privacy-policy\/#breadcrumb"},"inLanguage":"en-US","potentialAction":[{"@type":"ReadAction","target":["https:\/\/call2sale.eu\/en\/privacy-policy\/"]}]},{"@type":"BreadcrumbList","@id":"https:\/\/call2sale.eu\/en\/privacy-policy\/#breadcrumb","itemListElement":[{"@type":"ListItem","position":1,"name":"Home","item":"https:\/\/call2sale.eu\/en\/strona-glowna\/"},{"@type":"ListItem","position":2,"name":"Privacy policy"}]},{"@type":"WebSite","@id":"https:\/\/call2sale.eu\/en\/#website","url":"https:\/\/call2sale.eu\/en\/","name":"Call2Sale","description":"","publisher":{"@id":"https:\/\/call2sale.eu\/en\/#organization"},"potentialAction":[{"@type":"SearchAction","target":{"@type":"EntryPoint","urlTemplate":"https:\/\/call2sale.eu\/en\/?s={search_term_string}"},"query-input":"required name=search_term_string"}],"inLanguage":"en-US"},{"@type":"Organization","@id":"https:\/\/call2sale.eu\/en\/#organization","name":"Call2Sale","url":"https:\/\/call2sale.eu\/en\/","logo":{"@type":"ImageObject","inLanguage":"en-US","@id":"https:\/\/call2sale.eu\/en\/#\/schema\/logo\/image\/","url":"https:\/\/call2sale.eu\/wp-content\/uploads\/2022\/10\/Logo-Call2Sale-1.jpg","contentUrl":"https:\/\/call2sale.eu\/wp-content\/uploads\/2022\/10\/Logo-Call2Sale-1.jpg","width":1684,"height":1191,"caption":"Call2Sale"},"image":{"@id":"https:\/\/call2sale.eu\/en\/#\/schema\/logo\/image\/"},"sameAs":["https:\/\/www.facebook.com\/Call2Sale"]}]}},"_links":{"self":[{"href":"https:\/\/call2sale.eu\/en\/wp-json\/wp\/v2\/pages\/643"}],"collection":[{"href":"https:\/\/call2sale.eu\/en\/wp-json\/wp\/v2\/pages"}],"about":[{"href":"https:\/\/call2sale.eu\/en\/wp-json\/wp\/v2\/types\/page"}],"author":[{"embeddable":true,"href":"https:\/\/call2sale.eu\/en\/wp-json\/wp\/v2\/users\/3"}],"replies":[{"embeddable":true,"href":"https:\/\/call2sale.eu\/en\/wp-json\/wp\/v2\/comments?post=643"}],"version-history":[{"count":4,"href":"https:\/\/call2sale.eu\/en\/wp-json\/wp\/v2\/pages\/643\/revisions"}],"predecessor-version":[{"id":672,"href":"https:\/\/call2sale.eu\/en\/wp-json\/wp\/v2\/pages\/643\/revisions\/672"}],"wp:attachment":[{"href":"https:\/\/call2sale.eu\/en\/wp-json\/wp\/v2\/media?parent=643"}],"curies":[{"name":"wp","href":"https:\/\/api.w.org\/{rel}","templated":true}]}}